{"id":10,"date":"2015-11-18T11:08:37","date_gmt":"2015-11-18T10:08:37","guid":{"rendered":"http:\/\/unsa-korian.com\/?page_id=10"},"modified":"2023-05-25T15:33:12","modified_gmt":"2023-05-25T13:33:12","slug":"vos-representants","status":"publish","type":"page","link":"http:\/\/unsa-korian.com\/index.php\/vos-representants\/","title":{"rendered":"Vos repr\u00e9sentants"},"content":{"rendered":"<p><strong><span style=\"color: #003366;\">UNSA KORIAN<\/span><\/strong><\/p>\n<p><span style=\"color: #000080;\"><strong>Relations Presse :\u00a0\u00a0Contact Laurent Labarre : 06 23 31 29 52<\/strong><\/span><\/p>\n<p>Contact @ : unsa.korian@outlook.fr<\/p>\n<h3><strong>Vos repr\u00e9sentants UNSA chez KORIAN (S\u00e9niors) et INICEA (Sant\u00e9) :<\/strong><\/h3>\n<ul>\n<li>Claude Vaussenat (D\u00e9l\u00e9gu\u00e9 Syndical Central ) Tel : 06 88 52 60 13<\/li>\n<li>Patrick GLOPPE (D\u00e9l\u00e9gu\u00e9 Syndical INICEA) Tel : 06 17 66 52 93<\/li>\n<li>Laurent Labarre (D\u00e9l\u00e9gu\u00e9 Syndical Si\u00e8ge) Tel : 06 23 31 29 52<\/li>\n<\/ul>\n","protected":false},"excerpt":{"rendered":"<p>UNSA KORIAN Relations Presse :\u00a0\u00a0Contact Laurent Labarre : 06 23 31 29 52 Contact @ : unsa.korian@outlook.fr Vos repr\u00e9sentants UNSA chez KORIAN (S\u00e9niors) et INICEA (Sant\u00e9) : Claude Vaussenat (D\u00e9l\u00e9gu\u00e9 Syndical Central ) Tel : 06 88 52 60 13 Patrick GLOPPE (D\u00e9l\u00e9gu\u00e9 Syndical INICEA) Tel : 06 17 66 52 93 Laurent Labarre (D\u00e9l\u00e9gu\u00e9<\/p>\n<p><a class=\"more-link\" href=\"http:\/\/unsa-korian.com\/index.php\/vos-representants\/\">Read more &#8250;<\/a><\/p>\n","protected":false},"author":1,"featured_media":0,"parent":0,"menu_order":0,"comment_status":"closed","ping_status":"closed","template":"","meta":{"_mi_skip_tracking":false},"_links":{"self":[{"href":"http:\/\/unsa-korian.com\/index.php\/wp-json\/wp\/v2\/pages\/10"}],"collection":[{"href":"http:\/\/unsa-korian.com\/index.php\/wp-json\/wp\/v2\/pages"}],"about":[{"href":"http:\/\/unsa-korian.com\/index.php\/wp-json\/wp\/v2\/types\/page"}],"author":[{"embeddable":true,"href":"http:\/\/unsa-korian.com\/index.php\/wp-json\/wp\/v2\/users\/1"}],"replies":[{"embeddable":true,"href":"http:\/\/unsa-korian.com\/index.php\/wp-json\/wp\/v2\/comments?post=10"}],"version-history":[{"count":30,"href":"http:\/\/unsa-korian.com\/index.php\/wp-json\/wp\/v2\/pages\/10\/revisions"}],"predecessor-version":[{"id":1747,"href":"http:\/\/unsa-korian.com\/index.php\/wp-json\/wp\/v2\/pages\/10\/revisions\/1747"}],"wp:attachment":[{"href":"http:\/\/unsa-korian.com\/index.php\/wp-json\/wp\/v2\/media?parent=10"}],"curies":[{"name":"wp","href":"https:\/\/api.w.org\/{rel}","templated":true}]}}