{"id":1145,"date":"2017-10-22T10:35:31","date_gmt":"2017-10-22T09:35:31","guid":{"rendered":"http:\/\/unsa-korian.com\/?page_id=1145"},"modified":"2017-10-22T10:35:31","modified_gmt":"2017-10-22T09:35:31","slug":"affiches-unsa-korian-2017","status":"publish","type":"page","link":"http:\/\/unsa-korian.com\/index.php\/affiches-unsa-korian-2017\/","title":{"rendered":"Affiches Unsa Korian 2017"},"content":{"rendered":"<h2>T\u00e9l\u00e9charger les affiches Unsa Korian format A4 :<\/h2>\n<p>Vous pouvez les afficher sans mod\u00e9ration sur votre \u00e9tablissement.<\/p>\n<p><a href=\"http:\/\/unsa-korian.com\/wp-content\/uploads\/2017\/05\/affiche-unsa-03-2017-final.pdf\"><img decoding=\"async\" loading=\"lazy\" class=\"alignleft wp-image-1162\" src=\"http:\/\/unsa-korian.com\/wp-content\/uploads\/2017\/05\/affiche-unsa-03-2017.jpg\" alt=\"affiche unsa 03-2017\" width=\"150\" height=\"211\" \/><\/a><a href=\"http:\/\/unsa-korian.com\/wp-content\/uploads\/2017\/05\/NAO-2017-v3.pdf\"><img decoding=\"async\" loading=\"lazy\" class=\"alignleft wp-image-1167\" src=\"http:\/\/unsa-korian.com\/wp-content\/uploads\/2017\/05\/NAO-2017-affiche.jpg\" alt=\"NAO 2017 affiche\" width=\"149\" height=\"211\" srcset=\"http:\/\/unsa-korian.com\/wp-content\/uploads\/2017\/05\/NAO-2017-affiche.jpg 483w, http:\/\/unsa-korian.com\/wp-content\/uploads\/2017\/05\/NAO-2017-affiche-212x300.jpg 212w\" sizes=\"(max-width: 149px) 100vw, 149px\" \/><\/a><\/p>\n<p>&nbsp;<\/p>\n<p>&nbsp;<\/p>\n<p>&nbsp;<\/p>\n<p>&nbsp;<\/p>\n<p>&nbsp;<\/p>\n","protected":false},"excerpt":{"rendered":"<p>T\u00e9l\u00e9charger les affiches Unsa Korian format A4 : Vous pouvez les afficher sans mod\u00e9ration sur votre \u00e9tablissement. &nbsp; &nbsp; &nbsp; &nbsp; &nbsp;<\/p>\n","protected":false},"author":1,"featured_media":0,"parent":0,"menu_order":0,"comment_status":"closed","ping_status":"closed","template":"","meta":{"_mi_skip_tracking":false},"_links":{"self":[{"href":"http:\/\/unsa-korian.com\/index.php\/wp-json\/wp\/v2\/pages\/1145"}],"collection":[{"href":"http:\/\/unsa-korian.com\/index.php\/wp-json\/wp\/v2\/pages"}],"about":[{"href":"http:\/\/unsa-korian.com\/index.php\/wp-json\/wp\/v2\/types\/page"}],"author":[{"embeddable":true,"href":"http:\/\/unsa-korian.com\/index.php\/wp-json\/wp\/v2\/users\/1"}],"replies":[{"embeddable":true,"href":"http:\/\/unsa-korian.com\/index.php\/wp-json\/wp\/v2\/comments?post=1145"}],"version-history":[{"count":6,"href":"http:\/\/unsa-korian.com\/index.php\/wp-json\/wp\/v2\/pages\/1145\/revisions"}],"predecessor-version":[{"id":1223,"href":"http:\/\/unsa-korian.com\/index.php\/wp-json\/wp\/v2\/pages\/1145\/revisions\/1223"}],"wp:attachment":[{"href":"http:\/\/unsa-korian.com\/index.php\/wp-json\/wp\/v2\/media?parent=1145"}],"curies":[{"name":"wp","href":"https:\/\/api.w.org\/{rel}","templated":true}]}}