{"id":637,"date":"2016-06-21T12:53:47","date_gmt":"2016-06-21T11:53:47","guid":{"rendered":"http:\/\/unsa-korian.com\/?page_id=637"},"modified":"2016-12-28T13:20:44","modified_gmt":"2016-12-28T12:20:44","slug":"le-bureau-du-ce-ehpad-nord","status":"publish","type":"page","link":"http:\/\/unsa-korian.com\/index.php\/le-bureau-du-ce-ehpad-nord\/","title":{"rendered":"Le Bureau du CE Ehpad Nord"},"content":{"rendered":"<p><strong>Le bureau du CE EHPAD Nord est compos\u00e9 des \u00e9lus suivants \/<\/strong><\/p>\n<p>Secr\u00e9taire : V\u00e9ronique Spiegelsberger (CGT)<\/p>\n<p>Secr\u00e9taire adjoint : Messaoudi Khedidja (SUD)<\/p>\n<p>Tr\u00e9sorier : Nour-Eddine Aghanbou (CGT)<\/p>\n<p>Tr\u00e9sorier adjoint : Fabienne Mancino (FO)<\/p>\n<p><strong>Pour les contacter : 01.47.36.34.69<\/strong><\/p>\n<p>&nbsp;<\/p>\n<p><strong>Si Vous avez des remarques ou des points \u00e0 soulever.<\/strong><\/p>\n<p>Mail : unsa.korian@gmail.com<\/p>\n<p><strong><span style=\"text-decoration: underline;\"><a href=\"http:\/\/unsa-korian.com\/index.php\/contact-unsa-ce-ehpad-nord\/\">Nos \u00e9lus Unsa\u00a0 au CE Ehpad Nord <\/a><\/span><br \/>\n<\/strong><\/p>\n<p><a href=\"http:\/\/unsa-korian.com\/index.php\/ce-korian-ehpad-nord\/\"><img decoding=\"async\" loading=\"lazy\" class=\"aligncenter wp-image-953\" src=\"http:\/\/unsa-korian.com\/wp-content\/uploads\/2016\/09\/picto-retour-au-sommaire-hopital_small.jpg\" alt=\"picto-retour-au-sommaire-hopital_small\" width=\"70\" height=\"69\" \/><\/a><\/p>\n<p>&nbsp;<\/p>\n<p>&nbsp;<\/p>\n<p>&nbsp;<\/p>\n<p>&nbsp;<\/p>\n<p>&nbsp;<\/p>\n<p>&nbsp;<\/p>\n<p>&nbsp;<\/p>\n","protected":false},"excerpt":{"rendered":"<p>Le bureau du CE EHPAD Nord est compos\u00e9 des \u00e9lus suivants \/ Secr\u00e9taire : V\u00e9ronique Spiegelsberger (CGT) Secr\u00e9taire adjoint : Messaoudi Khedidja (SUD) Tr\u00e9sorier : Nour-Eddine Aghanbou (CGT) Tr\u00e9sorier adjoint : Fabienne Mancino (FO) Pour les contacter : 01.47.36.34.69 &nbsp; Si Vous avez des remarques ou des points \u00e0 soulever. Mail : unsa.korian@gmail.com Nos \u00e9lus<\/p>\n<p><a class=\"more-link\" href=\"http:\/\/unsa-korian.com\/index.php\/le-bureau-du-ce-ehpad-nord\/\">Read more &#8250;<\/a><\/p>\n","protected":false},"author":1,"featured_media":0,"parent":0,"menu_order":0,"comment_status":"closed","ping_status":"closed","template":"","meta":{"_mi_skip_tracking":false},"_links":{"self":[{"href":"http:\/\/unsa-korian.com\/index.php\/wp-json\/wp\/v2\/pages\/637"}],"collection":[{"href":"http:\/\/unsa-korian.com\/index.php\/wp-json\/wp\/v2\/pages"}],"about":[{"href":"http:\/\/unsa-korian.com\/index.php\/wp-json\/wp\/v2\/types\/page"}],"author":[{"embeddable":true,"href":"http:\/\/unsa-korian.com\/index.php\/wp-json\/wp\/v2\/users\/1"}],"replies":[{"embeddable":true,"href":"http:\/\/unsa-korian.com\/index.php\/wp-json\/wp\/v2\/comments?post=637"}],"version-history":[{"count":10,"href":"http:\/\/unsa-korian.com\/index.php\/wp-json\/wp\/v2\/pages\/637\/revisions"}],"predecessor-version":[{"id":1102,"href":"http:\/\/unsa-korian.com\/index.php\/wp-json\/wp\/v2\/pages\/637\/revisions\/1102"}],"wp:attachment":[{"href":"http:\/\/unsa-korian.com\/index.php\/wp-json\/wp\/v2\/media?parent=637"}],"curies":[{"name":"wp","href":"https:\/\/api.w.org\/{rel}","templated":true}]}}