{"id":642,"date":"2016-06-21T13:03:55","date_gmt":"2016-06-21T12:03:55","guid":{"rendered":"http:\/\/unsa-korian.com\/?page_id=642"},"modified":"2018-06-01T17:58:32","modified_gmt":"2018-06-01T16:58:32","slug":"le-bureau-du-ce-ehpad-sud","status":"publish","type":"page","link":"http:\/\/unsa-korian.com\/index.php\/le-bureau-du-ce-ehpad-sud\/","title":{"rendered":"Le Bureau du CE Ehpad Sud"},"content":{"rendered":"<p><strong>Le bureau du CE EHPAD Sud est compos\u00e9 des \u00e9lus suivants :<\/strong><\/p>\n<p>Secr\u00e9taire : Claude VAUSSENAT (UNSA)<\/p>\n<p>Secr\u00e9taire adjoint : Rapha\u00ebl Berha\u00efl (CFDT)<\/p>\n<p>Tr\u00e9sorier : Pascale CAU (UNSA)<\/p>\n<p>Tr\u00e9sorier adjoint : (CFDT)<\/p>\n<p>&nbsp;<\/p>\n<p><a href=\"http:\/\/unsa-korian.com\/index.php\/ce-korian-ehpad-sud\/\"><img decoding=\"async\" loading=\"lazy\" class=\"aligncenter wp-image-953\" src=\"http:\/\/unsa-korian.com\/wp-content\/uploads\/2016\/09\/picto-retour-au-sommaire-hopital_small.jpg\" alt=\"picto-retour-au-sommaire-hopital_small\" width=\"70\" height=\"69\" \/><\/a><\/p>\n","protected":false},"excerpt":{"rendered":"<p>Le bureau du CE EHPAD Sud est compos\u00e9 des \u00e9lus suivants : Secr\u00e9taire : Claude VAUSSENAT (UNSA) Secr\u00e9taire adjoint : Rapha\u00ebl Berha\u00efl (CFDT) Tr\u00e9sorier : Pascale CAU (UNSA) Tr\u00e9sorier adjoint : (CFDT) &nbsp;<\/p>\n","protected":false},"author":1,"featured_media":0,"parent":0,"menu_order":0,"comment_status":"closed","ping_status":"closed","template":"","meta":{"_mi_skip_tracking":false},"_links":{"self":[{"href":"http:\/\/unsa-korian.com\/index.php\/wp-json\/wp\/v2\/pages\/642"}],"collection":[{"href":"http:\/\/unsa-korian.com\/index.php\/wp-json\/wp\/v2\/pages"}],"about":[{"href":"http:\/\/unsa-korian.com\/index.php\/wp-json\/wp\/v2\/types\/page"}],"author":[{"embeddable":true,"href":"http:\/\/unsa-korian.com\/index.php\/wp-json\/wp\/v2\/users\/1"}],"replies":[{"embeddable":true,"href":"http:\/\/unsa-korian.com\/index.php\/wp-json\/wp\/v2\/comments?post=642"}],"version-history":[{"count":10,"href":"http:\/\/unsa-korian.com\/index.php\/wp-json\/wp\/v2\/pages\/642\/revisions"}],"predecessor-version":[{"id":1353,"href":"http:\/\/unsa-korian.com\/index.php\/wp-json\/wp\/v2\/pages\/642\/revisions\/1353"}],"wp:attachment":[{"href":"http:\/\/unsa-korian.com\/index.php\/wp-json\/wp\/v2\/media?parent=642"}],"curies":[{"name":"wp","href":"https:\/\/api.w.org\/{rel}","templated":true}]}}