{"id":649,"date":"2016-06-21T13:28:33","date_gmt":"2016-06-21T12:28:33","guid":{"rendered":"http:\/\/unsa-korian.com\/?page_id=649"},"modified":"2016-10-03T21:55:45","modified_gmt":"2016-10-03T20:55:45","slug":"649-2","status":"publish","type":"page","link":"http:\/\/unsa-korian.com\/index.php\/649-2\/","title":{"rendered":"Le Bureau du CE SSR"},"content":{"rendered":"<p><strong>Le bureau du CE SSR est compos\u00e9 des \u00e9lus suivants :<\/strong><\/p>\n<p>Secr\u00e9taire : Laurence Fontaine (CFDT)<\/p>\n<p>Secr\u00e9taire adjoint : .Poste \u00e0 pourvoir.<\/p>\n<p>Tr\u00e9sorier : Marie Laurence de KOENIGSWARTER (CGT)<\/p>\n<p>Tr\u00e9sorier adjoint : Odette DIA (CFDT)<\/p>\n<p><strong>Si Vous avez des remarques ou des points \u00e0 soulever.<\/strong><\/p>\n<p>Mail : unsa.korian@gmail.com<\/p>\n<p><strong><span style=\"text-decoration: underline;\"><a href=\"http:\/\/unsa-korian.com\/index.php\/contact-unsa-ce-ehpad-nord\/\">Nos \u00e9lus Unsa\u00a0 au CE SSR <\/a><\/span><\/strong><\/p>\n<p>&nbsp;<\/p>\n","protected":false},"excerpt":{"rendered":"<p>Le bureau du CE SSR est compos\u00e9 des \u00e9lus suivants : Secr\u00e9taire : Laurence Fontaine (CFDT) Secr\u00e9taire adjoint : .Poste \u00e0 pourvoir. Tr\u00e9sorier : Marie Laurence de KOENIGSWARTER (CGT) Tr\u00e9sorier adjoint : Odette DIA (CFDT) Si Vous avez des remarques ou des points \u00e0 soulever. Mail : unsa.korian@gmail.com Nos \u00e9lus Unsa\u00a0 au CE SSR &nbsp;<\/p>\n","protected":false},"author":1,"featured_media":0,"parent":0,"menu_order":0,"comment_status":"closed","ping_status":"closed","template":"","meta":{"_mi_skip_tracking":false},"_links":{"self":[{"href":"http:\/\/unsa-korian.com\/index.php\/wp-json\/wp\/v2\/pages\/649"}],"collection":[{"href":"http:\/\/unsa-korian.com\/index.php\/wp-json\/wp\/v2\/pages"}],"about":[{"href":"http:\/\/unsa-korian.com\/index.php\/wp-json\/wp\/v2\/types\/page"}],"author":[{"embeddable":true,"href":"http:\/\/unsa-korian.com\/index.php\/wp-json\/wp\/v2\/users\/1"}],"replies":[{"embeddable":true,"href":"http:\/\/unsa-korian.com\/index.php\/wp-json\/wp\/v2\/comments?post=649"}],"version-history":[{"count":8,"href":"http:\/\/unsa-korian.com\/index.php\/wp-json\/wp\/v2\/pages\/649\/revisions"}],"predecessor-version":[{"id":1022,"href":"http:\/\/unsa-korian.com\/index.php\/wp-json\/wp\/v2\/pages\/649\/revisions\/1022"}],"wp:attachment":[{"href":"http:\/\/unsa-korian.com\/index.php\/wp-json\/wp\/v2\/media?parent=649"}],"curies":[{"name":"wp","href":"https:\/\/api.w.org\/{rel}","templated":true}]}}