{"id":664,"date":"2016-06-21T21:26:43","date_gmt":"2016-06-21T20:26:43","guid":{"rendered":"http:\/\/unsa-korian.com\/?page_id=664"},"modified":"2017-12-07T20:29:20","modified_gmt":"2017-12-07T19:29:20","slug":"ce-korian-sieges-et-directeurs","status":"publish","type":"page","link":"http:\/\/unsa-korian.com\/index.php\/ce-korian-sieges-et-directeurs\/","title":{"rendered":"Le Bureau du CE Korian Si\u00e8ges et Directeurs"},"content":{"rendered":"<p><strong>Le bureau du CE Korian Si\u00e8ges et Directeurs est compos\u00e9 des \u00e9lus suivants :<br \/>\n<\/strong><\/p>\n<p>Secr\u00e9taire : Laurent Labarre (UNSA)<\/p>\n<p>Secr\u00e9taire adjoint : Bertrand Renouard (UNSA)<\/p>\n<p>Tr\u00e9sorier : Sonia Lamine (UNSA)<\/p>\n<p>Tr\u00e9sorier adjoint : Am\u00e9lie Procureur (UNSA)<\/p>\n","protected":false},"excerpt":{"rendered":"<p>Le bureau du CE Korian Si\u00e8ges et Directeurs est compos\u00e9 des \u00e9lus suivants : Secr\u00e9taire : Laurent Labarre (UNSA) Secr\u00e9taire adjoint : Bertrand Renouard (UNSA) Tr\u00e9sorier : Sonia Lamine (UNSA) Tr\u00e9sorier adjoint : Am\u00e9lie Procureur (UNSA)<\/p>\n","protected":false},"author":1,"featured_media":0,"parent":0,"menu_order":0,"comment_status":"closed","ping_status":"closed","template":"","meta":{"_mi_skip_tracking":false},"_links":{"self":[{"href":"http:\/\/unsa-korian.com\/index.php\/wp-json\/wp\/v2\/pages\/664"}],"collection":[{"href":"http:\/\/unsa-korian.com\/index.php\/wp-json\/wp\/v2\/pages"}],"about":[{"href":"http:\/\/unsa-korian.com\/index.php\/wp-json\/wp\/v2\/types\/page"}],"author":[{"embeddable":true,"href":"http:\/\/unsa-korian.com\/index.php\/wp-json\/wp\/v2\/users\/1"}],"replies":[{"embeddable":true,"href":"http:\/\/unsa-korian.com\/index.php\/wp-json\/wp\/v2\/comments?post=664"}],"version-history":[{"count":6,"href":"http:\/\/unsa-korian.com\/index.php\/wp-json\/wp\/v2\/pages\/664\/revisions"}],"predecessor-version":[{"id":1244,"href":"http:\/\/unsa-korian.com\/index.php\/wp-json\/wp\/v2\/pages\/664\/revisions\/1244"}],"wp:attachment":[{"href":"http:\/\/unsa-korian.com\/index.php\/wp-json\/wp\/v2\/media?parent=664"}],"curies":[{"name":"wp","href":"https:\/\/api.w.org\/{rel}","templated":true}]}}