{"id":718,"date":"2016-07-24T14:22:17","date_gmt":"2016-07-24T13:22:17","guid":{"rendered":"http:\/\/unsa-korian.com\/?page_id=718"},"modified":"2017-12-21T22:34:13","modified_gmt":"2017-12-21T21:34:13","slug":"actualites-ce-korian-ehpad-nord-juillet-2016","status":"publish","type":"page","link":"http:\/\/unsa-korian.com\/index.php\/actualites-ce-korian-ehpad-nord-juillet-2016\/","title":{"rendered":"Actualit\u00e9s CE Korian Ehpad Nord"},"content":{"rendered":"<p>Si vous \u00eates salari\u00e9 sur un \u00e9tablissement relevant du CE Korian EHPAD NORD et que vous souhaitez obtenir des informations sur les \u0153uvres\u00a0sociales propos\u00e9es, vous pouvez contacter le <strong>01.47.36.34.69<\/strong> ou leur adresser un courriel \u00e0 l&rsquo;adresse suivante :\u00a0<strong>cekoriannord@gmail.com<\/strong><\/p>\n<p><a href=\"http:\/\/unsa-korian.com\/wp-content\/uploads\/2016\/09\/picto-retour-au-sommaire-hopital_small.jpg\"><img decoding=\"async\" loading=\"lazy\" class=\"aligncenter wp-image-953\" src=\"http:\/\/unsa-korian.com\/wp-content\/uploads\/2016\/09\/picto-retour-au-sommaire-hopital_small.jpg\" alt=\"picto-retour-au-sommaire-hopital_small\" width=\"70\" height=\"69\" \/><\/a><\/p>\n<p>&nbsp;<\/p>\n<p>&nbsp;<\/p>\n","protected":false},"excerpt":{"rendered":"<p>Si vous \u00eates salari\u00e9 sur un \u00e9tablissement relevant du CE Korian EHPAD NORD et que vous souhaitez obtenir des informations sur les \u0153uvres\u00a0sociales propos\u00e9es, vous pouvez contacter le 01.47.36.34.69 ou leur adresser un courriel \u00e0 l&rsquo;adresse suivante :\u00a0cekoriannord@gmail.com &nbsp; &nbsp;<\/p>\n","protected":false},"author":1,"featured_media":0,"parent":0,"menu_order":0,"comment_status":"closed","ping_status":"closed","template":"","meta":{"_mi_skip_tracking":false},"_links":{"self":[{"href":"http:\/\/unsa-korian.com\/index.php\/wp-json\/wp\/v2\/pages\/718"}],"collection":[{"href":"http:\/\/unsa-korian.com\/index.php\/wp-json\/wp\/v2\/pages"}],"about":[{"href":"http:\/\/unsa-korian.com\/index.php\/wp-json\/wp\/v2\/types\/page"}],"author":[{"embeddable":true,"href":"http:\/\/unsa-korian.com\/index.php\/wp-json\/wp\/v2\/users\/1"}],"replies":[{"embeddable":true,"href":"http:\/\/unsa-korian.com\/index.php\/wp-json\/wp\/v2\/comments?post=718"}],"version-history":[{"count":18,"href":"http:\/\/unsa-korian.com\/index.php\/wp-json\/wp\/v2\/pages\/718\/revisions"}],"predecessor-version":[{"id":1290,"href":"http:\/\/unsa-korian.com\/index.php\/wp-json\/wp\/v2\/pages\/718\/revisions\/1290"}],"wp:attachment":[{"href":"http:\/\/unsa-korian.com\/index.php\/wp-json\/wp\/v2\/media?parent=718"}],"curies":[{"name":"wp","href":"https:\/\/api.w.org\/{rel}","templated":true}]}}