{"id":745,"date":"2016-07-26T15:43:37","date_gmt":"2016-07-26T14:43:37","guid":{"rendered":"http:\/\/unsa-korian.com\/?page_id=745"},"modified":"2016-09-07T06:41:38","modified_gmt":"2016-09-07T05:41:38","slug":"formation-chsct-pour-delegue-de-site","status":"publish","type":"page","link":"http:\/\/unsa-korian.com\/index.php\/formation-chsct-pour-delegue-de-site\/","title":{"rendered":"Le cong\u00e9 de formation CHSCT pour les d\u00e9l\u00e9gu\u00e9s de site"},"content":{"rendered":"<p>Tous les repr\u00e9sentants titulaires du personnel au Comit\u00e9 d\u2019Hygi\u00e8ne S\u00e9curit\u00e9 et Conditions de Travail \u2013 CHSCT \u2013 ont droit \u00e0 une formation sp\u00e9cifique financ\u00e9e par l\u2019employeur pour leur permettre d\u2019appr\u00e9hender et d\u2019assurer au mieux leur mandat et leurs missions au sein de cette instance.<\/p>\n<p>La formation, qui comprend une partie th\u00e9orique et une partie pratique, doit permettre aux membres de CHSCT d\u2019identifier les ressources internes et externes \u00e0 l\u2019\u00e9tablissement et de maitriser les diff\u00e9rents outils pr\u00e9vus par les dispositions du Code du Travail.<a href=\"http:\/\/infosdroits.fr\/le-conge-de-formation-chsct-pour-les-representants-du-secteur-prive-ou-de-la-fonction-publique\/\" target=\"_blank\">(ref : http:\/\/infosdroits.fr\/le-conge-de-formation-chsct-pour-les-representants-du-secteur-prive-ou-de-la-fonction-publique\/)<\/a><\/p>\n<p>&nbsp;<\/p>\n<p><a href=\"http:\/\/unsa-korian.com\/wp-content\/uploads\/2016\/07\/formation_chsct.jpg\"><img decoding=\"async\" loading=\"lazy\" class=\"aligncenter wp-image-735\" src=\"http:\/\/unsa-korian.com\/wp-content\/uploads\/2016\/07\/formation_chsct.jpg\" alt=\"formation_chsct\" width=\"599\" height=\"184\" srcset=\"http:\/\/unsa-korian.com\/wp-content\/uploads\/2016\/07\/formation_chsct.jpg 700w, http:\/\/unsa-korian.com\/wp-content\/uploads\/2016\/07\/formation_chsct-300x92.jpg 300w, http:\/\/unsa-korian.com\/wp-content\/uploads\/2016\/07\/formation_chsct-600x184.jpg 600w\" sizes=\"(max-width: 599px) 100vw, 599px\" \/><\/a><\/p>\n<p><strong>L&rsquo;Unsa Korian vous propose des dates de formations au CHSCT en octobre et novembre 2016.<br \/>\n<\/strong><\/p>\n<p><strong>il faut s&rsquo;inscrire et avertir son employeu<\/strong><strong>r <\/strong><strong>30 jours avant la formation <\/strong><strong>(mod\u00e8le de lettre dans le dossier d&rsquo;inscription) <\/strong><strong><br \/>\n<\/strong><\/p>\n<p><strong>Si vous \u00eates int\u00e9ress\u00e9s merci d\u2019indiquer votre\u00a0 :<br \/>\n<\/strong><\/p>\n<p><strong>Nom\u00a0\u00a0\u00a0\u00a0 \/\u00a0\u00a0\u00a0\u00a0 Pr\u00e9nom \u00a0\u00a0\u00a0\/ mail \/ \u00e9tablissement \/ la date souhait\u00e9e pour la formation<\/strong><\/p>\n<p><strong>et de l\u2019envoyer par mail : <a href=\"mailto:unsa.korian@gmail.com\" target=\"_blank\">unsa.korian@gmail.com<\/a> ou par sms : 0672073355.<\/strong><\/p>\n<p><strong>En retour, On vous envoie un dossier d&rsquo;inscription.<\/strong><\/p>\n<p><strong>Information\u00a0 :<br \/>\n<\/strong><\/p>\n<p>La formation dure 3 jours, elle est \u00e0 la charge de l\u2019employeur, <strong>votre salaire est maintenu et les frais de d\u00e9placements, d\u2019h\u00f4tel et de repas sont pris en charge<\/strong> <strong>par le CEFU et sont refactur\u00e9s \u00e0 l\u2019employeur.\u00a0<\/strong><\/p>\n<p>Pour les nouveaux \u00e9lus en d\u00e9l\u00e9gu\u00e9s de site titulaire chez Korian et qui n\u2019ont pas re\u00e7u de formation CHSCT depuis 4 ans. Il s\u2019agit d\u2019une formation sur le CHSCT qui est dispens\u00e9e par le CEFU (organisme de formation de l&rsquo;Unsa) .<\/p>\n<p><strong>\u00a0<\/strong>Ci-joint les diff\u00e9rentes dates et lieu:<\/p>\n<p>02 au 04 novembre 2016 \u00e0 BAGNOLET.<\/p>\n<p>14 au 16 novembre 2016, \u00e0 BAGNOLET.<\/p>\n<p>28 au 30 novembre 2016, \u00e0 BAGNOLET<\/p>\n<p><strong>\u00a0FAQ (foire aux questions)\u00a0: <\/strong><\/p>\n<p>Est-ce que l\u2019employeur peut me refuser la formation\u00a0: <strong>Non<\/strong><\/p>\n<p>Est-ce que je peux venir avec mon coll\u00e8gue\u00a0\u00e9lu titulaire avec moi : <strong>oui c\u2019est mieux<\/strong><\/p>\n<p>Combien de salari\u00e9s par groupe\u00a0: <strong>de 12 \u00e0 15 salari\u00e9s<\/strong><\/p>\n<p>Est-ce que je dois \u00eatre \u00e0 l\u2019Unsa pour faire la formation au C\u00e9fu\u00a0: <strong>Non<br \/>\n<\/strong><\/p>\n<p>Comment j\u2019avertis mon employeur\u00a0: <strong>On vous fera parvenir un mod\u00e8le de lettre<\/strong><\/p>\n<p>Combien de temps dure la formation\u00a0: <strong>3 jours<\/strong><\/p>\n<p>Combien de temps je dois avertir mon employeur avant la formation\u00a0: <strong>1 mois avant le d\u00e9but de la formation.<\/strong><\/p>\n<p>Lieu de la formation\u00a0: <strong>\u00e0 Bagnolet (21 Rue Jules Ferry, 93177 Bagnolet)<\/strong><\/p>\n<p>Nous restons \u00e0 votre enti\u00e8re disposition pour tout renseignement compl\u00e9mentaire.<\/p>\n<p>&nbsp;<\/p>\n","protected":false},"excerpt":{"rendered":"<p>Tous les repr\u00e9sentants titulaires du personnel au Comit\u00e9 d\u2019Hygi\u00e8ne S\u00e9curit\u00e9 et Conditions de Travail \u2013 CHSCT \u2013 ont droit \u00e0 une formation sp\u00e9cifique financ\u00e9e par l\u2019employeur pour leur permettre d\u2019appr\u00e9hender et d\u2019assurer au mieux leur mandat et leurs missions au sein de cette instance. La formation, qui comprend une partie th\u00e9orique et une partie pratique,<\/p>\n<p><a class=\"more-link\" href=\"http:\/\/unsa-korian.com\/index.php\/formation-chsct-pour-delegue-de-site\/\">Read more &#8250;<\/a><\/p>\n","protected":false},"author":1,"featured_media":0,"parent":0,"menu_order":0,"comment_status":"closed","ping_status":"closed","template":"","meta":{"_mi_skip_tracking":false},"_links":{"self":[{"href":"http:\/\/unsa-korian.com\/index.php\/wp-json\/wp\/v2\/pages\/745"}],"collection":[{"href":"http:\/\/unsa-korian.com\/index.php\/wp-json\/wp\/v2\/pages"}],"about":[{"href":"http:\/\/unsa-korian.com\/index.php\/wp-json\/wp\/v2\/types\/page"}],"author":[{"embeddable":true,"href":"http:\/\/unsa-korian.com\/index.php\/wp-json\/wp\/v2\/users\/1"}],"replies":[{"embeddable":true,"href":"http:\/\/unsa-korian.com\/index.php\/wp-json\/wp\/v2\/comments?post=745"}],"version-history":[{"count":11,"href":"http:\/\/unsa-korian.com\/index.php\/wp-json\/wp\/v2\/pages\/745\/revisions"}],"predecessor-version":[{"id":799,"href":"http:\/\/unsa-korian.com\/index.php\/wp-json\/wp\/v2\/pages\/745\/revisions\/799"}],"wp:attachment":[{"href":"http:\/\/unsa-korian.com\/index.php\/wp-json\/wp\/v2\/media?parent=745"}],"curies":[{"name":"wp","href":"https:\/\/api.w.org\/{rel}","templated":true}]}}