{"id":800,"date":"2016-09-13T12:00:10","date_gmt":"2016-09-13T11:00:10","guid":{"rendered":"http:\/\/unsa-korian.com\/?page_id=800"},"modified":"2023-05-25T15:29:46","modified_gmt":"2023-05-25T13:29:46","slug":"contact-unsa-ce-ssr","status":"publish","type":"page","link":"http:\/\/unsa-korian.com\/index.php\/contact-unsa-ce-ssr\/","title":{"rendered":"Vos contacts UNSA Inic\u00e9a CSE Sant\u00e9"},"content":{"rendered":"<h2>Contactez les \u00e9lus UNSA Inic\u00e9a des CSE Sant\u00e9 Nord et Sud :<\/h2>\n<p><strong><span style=\"color: #000080;\">Contact @ : unsa.korian@outlook.fr<\/span><\/strong><\/p>\n<p>Patrick GLOPPE (D\u00e9l\u00e9gu\u00e9 Syndical &#8211; Secr\u00e9taire du CSE Sant\u00e9 Sud) Tel : 06 17 66 52 93<\/p>\n<p>Evelyne TRACOULAT (D\u00e9l\u00e9gu\u00e9 Syndical CSE Sant\u00e9 Nord ) Tel : 06 47 17 49 38<\/p>\n<p>Marion AUTRIQUE (D\u00e9l\u00e9gu\u00e9 Syndical CSE Sant\u00e9 Sud) Tel :<\/p>\n","protected":false},"excerpt":{"rendered":"<p>Contactez les \u00e9lus UNSA Inic\u00e9a des CSE Sant\u00e9 Nord et Sud : Contact @ : unsa.korian@outlook.fr Patrick GLOPPE (D\u00e9l\u00e9gu\u00e9 Syndical &#8211; Secr\u00e9taire du CSE Sant\u00e9 Sud) Tel : 06 17 66 52 93 Evelyne TRACOULAT (D\u00e9l\u00e9gu\u00e9 Syndical CSE Sant\u00e9 Nord ) Tel : 06 47 17 49 38 Marion AUTRIQUE (D\u00e9l\u00e9gu\u00e9 Syndical CSE Sant\u00e9 Sud)<\/p>\n<p><a class=\"more-link\" href=\"http:\/\/unsa-korian.com\/index.php\/contact-unsa-ce-ssr\/\">Read more &#8250;<\/a><\/p>\n","protected":false},"author":1,"featured_media":0,"parent":0,"menu_order":0,"comment_status":"closed","ping_status":"closed","template":"","meta":{"_mi_skip_tracking":false},"_links":{"self":[{"href":"http:\/\/unsa-korian.com\/index.php\/wp-json\/wp\/v2\/pages\/800"}],"collection":[{"href":"http:\/\/unsa-korian.com\/index.php\/wp-json\/wp\/v2\/pages"}],"about":[{"href":"http:\/\/unsa-korian.com\/index.php\/wp-json\/wp\/v2\/types\/page"}],"author":[{"embeddable":true,"href":"http:\/\/unsa-korian.com\/index.php\/wp-json\/wp\/v2\/users\/1"}],"replies":[{"embeddable":true,"href":"http:\/\/unsa-korian.com\/index.php\/wp-json\/wp\/v2\/comments?post=800"}],"version-history":[{"count":27,"href":"http:\/\/unsa-korian.com\/index.php\/wp-json\/wp\/v2\/pages\/800\/revisions"}],"predecessor-version":[{"id":1745,"href":"http:\/\/unsa-korian.com\/index.php\/wp-json\/wp\/v2\/pages\/800\/revisions\/1745"}],"wp:attachment":[{"href":"http:\/\/unsa-korian.com\/index.php\/wp-json\/wp\/v2\/media?parent=800"}],"curies":[{"name":"wp","href":"https:\/\/api.w.org\/{rel}","templated":true}]}}