{"id":826,"date":"2016-09-18T04:20:05","date_gmt":"2016-09-18T03:20:05","guid":{"rendered":"http:\/\/unsa-korian.com\/?page_id=826"},"modified":"2017-12-21T22:45:36","modified_gmt":"2017-12-21T21:45:36","slug":"actualites-ce-korian-sieges-et-directeurs-septembre-2016","status":"publish","type":"page","link":"http:\/\/unsa-korian.com\/index.php\/actualites-ce-korian-sieges-et-directeurs-septembre-2016\/","title":{"rendered":"Actualit\u00e9s CE Korian Si\u00e8ge &#038; Directions"},"content":{"rendered":"<p>Si vous \u00eates salari\u00e9 sur le Si\u00e8ge social de KORIAN ou sur l&rsquo;une des plateformes administratives (Comptabilit\u00e9, DSI, Formation..) ou bien encore si vous occupez un poste de Directeur d&rsquo;\u00e9tablissement ou Directeur-Adjoint, vous \u00eates b\u00e9n\u00e9ficiaire du CE Korian Si\u00e8ge &amp; Directions.<\/p>\n<p>Vous pouvez contacter le <strong>01.41.90.62.80<\/strong>\u00a0ou leur adresser un courriel \u00e0 l&rsquo;adresse suivante :\u00a0<strong>cekorian.sieges.de@gmail.com<\/strong><\/p>\n<p>Vous pouvez retrouver les tr\u00e8s nombreuses offres du CE KORIAN SIEGE &amp; DIRECTION sur le site Internet :\u00a0 <a href=\"https:\/\/cekorian-siegesetdirs.fr\/\" target=\"_blank\" rel=\"noopener\">https:\/\/cekorian-siegesetdirs.fr\/\u00a0\u00a0<\/a><\/p>\n<p>Votre identifiant = votre matricule paye<\/p>\n<p>Votre MDP = votre nom de famille en majuscule<\/p>\n<p><a href=\"http:\/\/unsa-korian.com\/wp-content\/uploads\/2016\/09\/Bulletin-du-CE-n\u00b03-V3.jpg\">\u00a0\u00a0\u00a0<\/a><a href=\"http:\/\/unsa-korian.com\/wp-content\/uploads\/2016\/09\/Bulletin-du-CE-n\u00b03-V3.jpg\">\u00a0 <\/a><a href=\"http:\/\/unsa-korian.com\/wp-content\/uploads\/2016\/09\/Bulletin-du-CE-n\u00b03-V3.jpg\" target=\"_blank\" rel=\"noopener\">\u00a0\u00a0\u00a0\u00a0\u00a0\u00a0\u00a0\u00a0\u00a0 <\/a><a href=\"https:\/\/cekorian-siegesetdirs.fr\/\" target=\"_blank\" rel=\"noopener\">\u00a0 \u00a0 \u00a0 \u00a0 \u00a0\u00a0<\/a><\/p>\n<p><strong>\u00a0<\/strong><\/p>\n","protected":false},"excerpt":{"rendered":"<p>Si vous \u00eates salari\u00e9 sur le Si\u00e8ge social de KORIAN ou sur l&rsquo;une des plateformes administratives (Comptabilit\u00e9, DSI, Formation..) ou bien encore si vous occupez un poste de Directeur d&rsquo;\u00e9tablissement ou Directeur-Adjoint, vous \u00eates b\u00e9n\u00e9ficiaire du CE Korian Si\u00e8ge &amp; Directions. Vous pouvez contacter le 01.41.90.62.80\u00a0ou leur adresser un courriel \u00e0 l&rsquo;adresse suivante :\u00a0cekorian.sieges.de@gmail.com Vous<\/p>\n<p><a class=\"more-link\" href=\"http:\/\/unsa-korian.com\/index.php\/actualites-ce-korian-sieges-et-directeurs-septembre-2016\/\">Read more &#8250;<\/a><\/p>\n","protected":false},"author":1,"featured_media":0,"parent":0,"menu_order":0,"comment_status":"closed","ping_status":"closed","template":"","meta":{"_mi_skip_tracking":false},"_links":{"self":[{"href":"http:\/\/unsa-korian.com\/index.php\/wp-json\/wp\/v2\/pages\/826"}],"collection":[{"href":"http:\/\/unsa-korian.com\/index.php\/wp-json\/wp\/v2\/pages"}],"about":[{"href":"http:\/\/unsa-korian.com\/index.php\/wp-json\/wp\/v2\/types\/page"}],"author":[{"embeddable":true,"href":"http:\/\/unsa-korian.com\/index.php\/wp-json\/wp\/v2\/users\/1"}],"replies":[{"embeddable":true,"href":"http:\/\/unsa-korian.com\/index.php\/wp-json\/wp\/v2\/comments?post=826"}],"version-history":[{"count":19,"href":"http:\/\/unsa-korian.com\/index.php\/wp-json\/wp\/v2\/pages\/826\/revisions"}],"predecessor-version":[{"id":1294,"href":"http:\/\/unsa-korian.com\/index.php\/wp-json\/wp\/v2\/pages\/826\/revisions\/1294"}],"wp:attachment":[{"href":"http:\/\/unsa-korian.com\/index.php\/wp-json\/wp\/v2\/media?parent=826"}],"curies":[{"name":"wp","href":"https:\/\/api.w.org\/{rel}","templated":true}]}}