{"id":906,"date":"2016-09-18T05:17:40","date_gmt":"2016-09-18T04:17:40","guid":{"rendered":"http:\/\/unsa-korian.com\/?page_id=906"},"modified":"2017-12-09T18:18:15","modified_gmt":"2017-12-09T17:18:15","slug":"inscription-formation-chsct","status":"publish","type":"page","link":"http:\/\/unsa-korian.com\/index.php\/inscription-formation-chsct\/","title":{"rendered":"Inscription formation CHSCT 2018"},"content":{"rendered":"<p><strong><a href=\"http:\/\/unsa-korian.com\/wp-content\/uploads\/2016\/07\/formation_chsct.jpg\"><img decoding=\"async\" loading=\"lazy\" class=\"aligncenter wp-image-735\" src=\"http:\/\/unsa-korian.com\/wp-content\/uploads\/2016\/07\/formation_chsct-300x92.jpg\" alt=\"formation_chsct\" width=\"300\" height=\"92\" srcset=\"http:\/\/unsa-korian.com\/wp-content\/uploads\/2016\/07\/formation_chsct-300x92.jpg 300w, http:\/\/unsa-korian.com\/wp-content\/uploads\/2016\/07\/formation_chsct-600x184.jpg 600w, http:\/\/unsa-korian.com\/wp-content\/uploads\/2016\/07\/formation_chsct.jpg 700w\" sizes=\"(max-width: 300px) 100vw, 300px\" \/><\/a><\/strong><\/p>\n<p>Vous venez d&rsquo;\u00eatre \u00e9lu titulaire UNSA en D\u00e9l\u00e9gation de site et vous n&rsquo;avez pas eu de formation CHSCT depuis plus de 4 ans ? Nous avons la formation qu&rsquo;il vous faut !<\/p>\n<p><strong>Date des formations CHSCT\u00a0 pour 2018 :<\/strong><\/p>\n<p><strong><span style=\"color: #800080;\"><em>A suivre : Nous mettrons en ligne le calendrier des formations 2018 d\u00e8s que les dates seront connues<\/em><\/span><\/strong><\/p>\n<p>Pour les titulaires et suppl\u00e9ants d\u00e9l\u00e9gu\u00e9s de site. Il faut avertir son employeur 30 jours avant la formation. Vous trouverez un mod\u00e8le de lettre dans le dossier d\u2019inscription.<strong><br \/>\n<\/strong><\/p>\n<p><strong>Bon \u00e0 savoir ! :<\/strong><\/p>\n<p>La formation dure 3 jours et elle est \u00e0 la charge de l\u2019employeur. <strong>Votre salaire est maintenu et les frais de d\u00e9placements, d\u2019h\u00f4tel et de repas sont pris en charge<\/strong> <strong>par le CEFU et sont refactur\u00e9s \u00e0 l\u2019employeur.\u00a0<\/strong><\/p>\n<p>&nbsp;<\/p>\n","protected":false},"excerpt":{"rendered":"<p>Vous venez d&rsquo;\u00eatre \u00e9lu titulaire UNSA en D\u00e9l\u00e9gation de site et vous n&rsquo;avez pas eu de formation CHSCT depuis plus de 4 ans ? Nous avons la formation qu&rsquo;il vous faut ! Date des formations CHSCT\u00a0 pour 2018 : A suivre : Nous mettrons en ligne le calendrier des formations 2018 d\u00e8s que les dates<\/p>\n<p><a class=\"more-link\" href=\"http:\/\/unsa-korian.com\/index.php\/inscription-formation-chsct\/\">Read more &#8250;<\/a><\/p>\n","protected":false},"author":1,"featured_media":0,"parent":0,"menu_order":0,"comment_status":"closed","ping_status":"closed","template":"","meta":{"_mi_skip_tracking":false},"_links":{"self":[{"href":"http:\/\/unsa-korian.com\/index.php\/wp-json\/wp\/v2\/pages\/906"}],"collection":[{"href":"http:\/\/unsa-korian.com\/index.php\/wp-json\/wp\/v2\/pages"}],"about":[{"href":"http:\/\/unsa-korian.com\/index.php\/wp-json\/wp\/v2\/types\/page"}],"author":[{"embeddable":true,"href":"http:\/\/unsa-korian.com\/index.php\/wp-json\/wp\/v2\/users\/1"}],"replies":[{"embeddable":true,"href":"http:\/\/unsa-korian.com\/index.php\/wp-json\/wp\/v2\/comments?post=906"}],"version-history":[{"count":11,"href":"http:\/\/unsa-korian.com\/index.php\/wp-json\/wp\/v2\/pages\/906\/revisions"}],"predecessor-version":[{"id":1257,"href":"http:\/\/unsa-korian.com\/index.php\/wp-json\/wp\/v2\/pages\/906\/revisions\/1257"}],"wp:attachment":[{"href":"http:\/\/unsa-korian.com\/index.php\/wp-json\/wp\/v2\/media?parent=906"}],"curies":[{"name":"wp","href":"https:\/\/api.w.org\/{rel}","templated":true}]}}